{"id":4028,"date":"2020-11-29T20:55:48","date_gmt":"2020-11-29T20:55:48","guid":{"rendered":"http:\/\/www.parroquiajesusmaestro.cl\/web\/?page_id=4028"},"modified":"2020-11-29T21:01:11","modified_gmt":"2020-11-29T21:01:11","slug":"confirmacion","status":"publish","type":"page","link":"http:\/\/www.parroquiajesusmaestro.cl\/web\/confirmacion\/","title":{"rendered":"Confirmaci\u00f3n"},"content":{"rendered":"<p>[et_pb_section fb_built=\u00bb1&#8243; _builder_version=\u00bb4.7.4&#8243; _module_preset=\u00bbdefault\u00bb custom_padding=\u00bb0px|||||\u00bb da_is_popup=\u00bboff\u00bb da_exit_intent=\u00bboff\u00bb da_has_close=\u00bbon\u00bb da_alt_close=\u00bboff\u00bb da_dark_close=\u00bboff\u00bb da_not_modal=\u00bbon\u00bb da_is_singular=\u00bboff\u00bb da_with_loader=\u00bboff\u00bb da_has_shadow=\u00bbon\u00bb da_disable_devices=\u00bboff|off|off\u00bb][et_pb_row _builder_version=\u00bb4.7.4&#8243; _module_preset=\u00bbdefault\u00bb][et_pb_column _builder_version=\u00bb4.7.4&#8243; _module_preset=\u00bbdefault\u00bb type=\u00bb4_4&#8243;][et_pb_text _builder_version=\u00bb4.7.4&#8243; _module_preset=\u00bbdefault\u00bb text_font=\u00bbAlegreya Sans SC||||||||\u00bb hover_enabled=\u00bb0&#8243; sticky_enabled=\u00bb0&#8243;]<\/p>\n<h1>Confirmaci\u00f3n<\/h1>\n<p>[\/et_pb_text][\/et_pb_column][\/et_pb_row][et_pb_row _builder_version=\u00bb4.7.4&#8243; _module_preset=\u00bbdefault\u00bb column_structure=\u00bb1_2,1_2&#8243; custom_margin=\u00bb|auto||464px||\u00bb][et_pb_column _builder_version=\u00bb4.7.4&#8243; _module_preset=\u00bbdefault\u00bb type=\u00bb1_2&#8243;][et_pb_image src=\u00bbhttp:\/\/www.parroquiajesusmaestro.cl\/web\/wp-content\/uploads\/2020\/11\/confirmacion-1.jpg\u00bb _builder_version=\u00bb4.7.4&#8243; _module_preset=\u00bbdefault\u00bb title_text=\u00bbconfirmacion-1&#8243; hover_enabled=\u00bb0&#8243; sticky_enabled=\u00bb0&#8243; align=\u00bbcenter\u00bb][\/et_pb_image][et_pb_text _builder_version=\u00bb4.7.4&#8243; _module_preset=\u00bbdefault\u00bb text_font=\u00bbABeeZee||||||||\u00bb text_orientation=\u00bbjustified\u00bb hover_enabled=\u00bb0&#8243; sticky_enabled=\u00bb0&#8243;]<\/p>\n<p>\u00abAl enterarse los ap\u00f3stoles que estaban en Jerusal\u00e9n de que Samar\u00eda hab\u00eda aceptado la Palabra de Dios, les enviaron a Pedro y a Juan. Estos bajaron y oraron por ellos para que recibieran el Esp\u00edritu Santo; pues todav\u00eda no hab\u00eda descendido sobre ninguno de ellos; \u00fanicamente hab\u00edan sido bautizados en el nombre del Se\u00f1or Jes\u00fas. Entonces les impon\u00edan las manos y recib\u00edan el Esp\u00edritu Santo\u00bb (Hch 8,14-17).<\/p>\n<p>&nbsp;<\/p>\n<p><strong>El sacramento de la Confirmaci\u00f3n<\/strong>\u00a0perfecciona la gracia bautismal, y nos da la fortaleza de Dios para ser firmes en la fe y en el amor a Dios y al pr\u00f3jimo.<\/p>\n<p>Nos da tambi\u00e9n audacia para cumplir el derecho y el deber, que tenemos por el bautismo, de ser ap\u00f3stoles de Jes\u00fas, para difundir la fe y el Evangelio, personalmente o asociados, mediante la palabra y el buen ejemplo.<\/p>\n<p>[\/et_pb_text][\/et_pb_column][et_pb_column _builder_version=\u00bb4.7.4&#8243; _module_preset=\u00bbdefault\u00bb type=\u00bb1_2&#8243;][et_pb_image src=\u00bbhttp:\/\/www.parroquiajesusmaestro.cl\/web\/wp-content\/uploads\/2020\/11\/confirmacion-2j.jpg\u00bb _builder_version=\u00bb4.7.4&#8243; _module_preset=\u00bbdefault\u00bb title_text=\u00bbconfirmacion-2j\u00bb hover_enabled=\u00bb0&#8243; sticky_enabled=\u00bb0&#8243; custom_margin=\u00bb96px|||||\u00bb][\/et_pb_image][\/et_pb_column][\/et_pb_row][\/et_pb_section]<\/p>\n","protected":false},"excerpt":{"rendered":"<p>Confirmaci\u00f3n \u00abAl enterarse los ap\u00f3stoles que estaban en Jerusal\u00e9n de que Samar\u00eda hab\u00eda aceptado la Palabra de Dios, les enviaron a Pedro y a Juan. Estos bajaron y oraron por ellos para que recibieran el Esp\u00edritu Santo; pues todav\u00eda no hab\u00eda descendido sobre ninguno de ellos; \u00fanicamente hab\u00edan sido bautizados en el nombre del Se\u00f1or [&hellip;]<\/p>\n","protected":false},"author":1,"featured_media":0,"parent":0,"menu_order":0,"comment_status":"closed","ping_status":"closed","template":"","meta":{"_et_pb_use_builder":"on","_et_pb_old_content":"","_et_gb_content_width":""},"_links":{"self":[{"href":"http:\/\/www.parroquiajesusmaestro.cl\/web\/wp-json\/wp\/v2\/pages\/4028"}],"collection":[{"href":"http:\/\/www.parroquiajesusmaestro.cl\/web\/wp-json\/wp\/v2\/pages"}],"about":[{"href":"http:\/\/www.parroquiajesusmaestro.cl\/web\/wp-json\/wp\/v2\/types\/page"}],"author":[{"embeddable":true,"href":"http:\/\/www.parroquiajesusmaestro.cl\/web\/wp-json\/wp\/v2\/users\/1"}],"replies":[{"embeddable":true,"href":"http:\/\/www.parroquiajesusmaestro.cl\/web\/wp-json\/wp\/v2\/comments?post=4028"}],"version-history":[{"count":3,"href":"http:\/\/www.parroquiajesusmaestro.cl\/web\/wp-json\/wp\/v2\/pages\/4028\/revisions"}],"predecessor-version":[{"id":4034,"href":"http:\/\/www.parroquiajesusmaestro.cl\/web\/wp-json\/wp\/v2\/pages\/4028\/revisions\/4034"}],"wp:attachment":[{"href":"http:\/\/www.parroquiajesusmaestro.cl\/web\/wp-json\/wp\/v2\/media?parent=4028"}],"curies":[{"name":"wp","href":"https:\/\/api.w.org\/{rel}","templated":true}]}}