{"id":4171,"date":"2020-11-30T03:07:02","date_gmt":"2020-11-30T03:07:02","guid":{"rendered":"http:\/\/www.parroquiajesusmaestro.cl\/web\/?page_id=4171"},"modified":"2020-11-30T03:11:56","modified_gmt":"2020-11-30T03:11:56","slug":"acolitos","status":"publish","type":"page","link":"http:\/\/www.parroquiajesusmaestro.cl\/web\/acolitos\/","title":{"rendered":"Ac\u00f3litos"},"content":{"rendered":"<p>[et_pb_section fb_built=\u00bb1&#8243; _builder_version=\u00bb4.7.4&#8243; _module_preset=\u00bbdefault\u00bb custom_padding=\u00bb0px|||||\u00bb da_is_popup=\u00bboff\u00bb da_exit_intent=\u00bboff\u00bb da_has_close=\u00bbon\u00bb da_alt_close=\u00bboff\u00bb da_dark_close=\u00bboff\u00bb da_not_modal=\u00bbon\u00bb da_is_singular=\u00bboff\u00bb da_with_loader=\u00bboff\u00bb da_has_shadow=\u00bbon\u00bb da_disable_devices=\u00bboff|off|off\u00bb][et_pb_row _builder_version=\u00bb4.7.4&#8243; _module_preset=\u00bbdefault\u00bb][et_pb_column _builder_version=\u00bb4.7.4&#8243; _module_preset=\u00bbdefault\u00bb type=\u00bb4_4&#8243;][et_pb_text _builder_version=\u00bb4.7.4&#8243; _module_preset=\u00bbdefault\u00bb text_font=\u00bbAlegreya Sans SC||||||||\u00bb hover_enabled=\u00bb0&#8243; sticky_enabled=\u00bb0&#8243; text_orientation=\u00bbcenter\u00bb]<\/p>\n<h1>Pastoral Ac\u00f3litos<\/h1>\n<p>[\/et_pb_text][\/et_pb_column][\/et_pb_row][et_pb_row _builder_version=\u00bb4.7.4&#8243; _module_preset=\u00bbdefault\u00bb][et_pb_column _builder_version=\u00bb4.7.4&#8243; _module_preset=\u00bbdefault\u00bb type=\u00bb4_4&#8243;][et_pb_testimonial author=\u00bb(Misal n\u00b065)\u00bb _builder_version=\u00bb4.7.4&#8243; _module_preset=\u00bbdefault\u00bb hover_enabled=\u00bb0&#8243; sticky_enabled=\u00bb0&#8243; custom_margin=\u00bb-34px|||||\u00bb]<\/p>\n<p><em>\u201cEl Ac\u00f3lito es instituido para el servicio del altar y para ayudar al sacerdote y al di\u00e1cono. Al \u00e9l compete principalmente preparar el altar y los vasos sagrados y, si fuere necesario, distribuir a los fieles la Eucarist\u00eda, de la cual es ministro extraordinario\u201d. <\/em><\/p>\n<p>[\/et_pb_testimonial][\/et_pb_column][\/et_pb_row][et_pb_row _builder_version=\u00bb4.7.4&#8243; _module_preset=\u00bbdefault\u00bb][et_pb_column _builder_version=\u00bb4.7.4&#8243; _module_preset=\u00bbdefault\u00bb type=\u00bb4_4&#8243;][et_pb_image src=\u00bbhttp:\/\/www.parroquiajesusmaestro.cl\/web\/wp-content\/uploads\/2020\/11\/acolitos-1.jpg\u00bb _builder_version=\u00bb4.7.4&#8243; _module_preset=\u00bbdefault\u00bb title_text=\u00bbacolitos-1&#8243; align=\u00bbcenter\u00bb hover_enabled=\u00bb0&#8243; sticky_enabled=\u00bb0&#8243;][\/et_pb_image][et_pb_image src=\u00bbhttp:\/\/www.parroquiajesusmaestro.cl\/web\/wp-content\/uploads\/2020\/11\/acolitos-2.jpg\u00bb _builder_version=\u00bb4.7.4&#8243; _module_preset=\u00bbdefault\u00bb title_text=\u00bbacolitos-2&#8243; align=\u00bbcenter\u00bb hover_enabled=\u00bb0&#8243; sticky_enabled=\u00bb0&#8243;][\/et_pb_image][\/et_pb_column][\/et_pb_row][et_pb_row _builder_version=\u00bb4.7.4&#8243; _module_preset=\u00bbdefault\u00bb][et_pb_column _builder_version=\u00bb4.7.4&#8243; _module_preset=\u00bbdefault\u00bb type=\u00bb4_4&#8243;][et_pb_text _builder_version=\u00bb4.7.4&#8243; _module_preset=\u00bbdefault\u00bb hover_enabled=\u00bb0&#8243; sticky_enabled=\u00bb0&#8243;]<\/p>\n<p>El ac\u00f3lito es un servidor por excelencia, alguien que est\u00e1 llamado a servir entendiendo el servicio como un privilegio noble. Cristo y el pr\u00f3jimo sirven: todos los cristianos est\u00e1n llamados a servir. El ac\u00f3lito tiene el privilegio de expresar y vivir esta vocaci\u00f3n no solo en la liturgia, sino tambi\u00e9n hacer de ella una extensi\u00f3n en la vida diaria: familia, amigos, colegio, etc.<\/p>\n<p><span style=\"text-decoration: underline;\"><em><strong>ORACI\u00d3N DEL AC\u00d3LITO<\/strong><\/em><\/span><br \/> SE\u00d1OR, Te doy mi vida entera.<br \/> Ay\u00fadame a servir. Ens\u00e9\u00f1ame a ser fiel y constante.<br \/> Haz que irradie tu amor a los que me rodean.<br \/> Que pueda ser testigo de tu mensaje en todas partes.<br \/> Si no, todo lo que hago ahora ser\u00e1 s\u00f3lo apariencia e hipocres\u00eda.<br \/> Que pueda servirte con dignidad en el altar<br \/> y que ponga en el servicio a ti y a los dem\u00e1s todo mi coraz\u00f3n.<br \/> Virgen Mar\u00eda,ens\u00e9\u00f1ame a amar y servir a Jesucristo como t\u00fa lo hiciste<br \/> y como lo hacen contigo los \u00e1ngeles en el cielo.<br \/> Am\u00e9n.<\/p>\n<p>[\/et_pb_text][\/et_pb_column][\/et_pb_row][\/et_pb_section]<\/p>\n","protected":false},"excerpt":{"rendered":"<p>Pastoral Ac\u00f3litos \u201cEl Ac\u00f3lito es instituido para el servicio del altar y para ayudar al sacerdote y al di\u00e1cono. Al \u00e9l compete principalmente preparar el altar y los vasos sagrados y, si fuere necesario, distribuir a los fieles la Eucarist\u00eda, de la cual es ministro extraordinario\u201d. El ac\u00f3lito es un servidor por excelencia, alguien que [&hellip;]<\/p>\n","protected":false},"author":1,"featured_media":0,"parent":0,"menu_order":0,"comment_status":"closed","ping_status":"closed","template":"","meta":{"_et_pb_use_builder":"on","_et_pb_old_content":"","_et_gb_content_width":""},"_links":{"self":[{"href":"http:\/\/www.parroquiajesusmaestro.cl\/web\/wp-json\/wp\/v2\/pages\/4171"}],"collection":[{"href":"http:\/\/www.parroquiajesusmaestro.cl\/web\/wp-json\/wp\/v2\/pages"}],"about":[{"href":"http:\/\/www.parroquiajesusmaestro.cl\/web\/wp-json\/wp\/v2\/types\/page"}],"author":[{"embeddable":true,"href":"http:\/\/www.parroquiajesusmaestro.cl\/web\/wp-json\/wp\/v2\/users\/1"}],"replies":[{"embeddable":true,"href":"http:\/\/www.parroquiajesusmaestro.cl\/web\/wp-json\/wp\/v2\/comments?post=4171"}],"version-history":[{"count":2,"href":"http:\/\/www.parroquiajesusmaestro.cl\/web\/wp-json\/wp\/v2\/pages\/4171\/revisions"}],"predecessor-version":[{"id":4176,"href":"http:\/\/www.parroquiajesusmaestro.cl\/web\/wp-json\/wp\/v2\/pages\/4171\/revisions\/4176"}],"wp:attachment":[{"href":"http:\/\/www.parroquiajesusmaestro.cl\/web\/wp-json\/wp\/v2\/media?parent=4171"}],"curies":[{"name":"wp","href":"https:\/\/api.w.org\/{rel}","templated":true}]}}